{"id":11280,"date":"2024-05-16T12:48:40","date_gmt":"2024-05-16T10:48:40","guid":{"rendered":"https:\/\/dealer.iveco.ch\/mentions-legales\/"},"modified":"2026-02-27T13:51:32","modified_gmt":"2026-02-27T11:51:32","slug":"impressum","status":"publish","type":"page","link":"https:\/\/dealer.iveco.ch\/fr\/impressum\/","title":{"rendered":"Impressum FR"},"content":{"rendered":"\t\t<div data-elementor-type=\"wp-page\" data-elementor-id=\"11280\" class=\"elementor elementor-11280 elementor-6868\" data-elementor-post-type=\"page\">\n\t\t\t\t\t\t<section class=\"elementor-section elementor-top-section elementor-element elementor-element-d70ea55 elementor-section-boxed elementor-section-height-default elementor-section-height-default\" data-id=\"d70ea55\" data-element_type=\"section\" data-e-type=\"section\">\n\t\t\t\t\t\t<div class=\"elementor-container elementor-column-gap-narrow\">\n\t\t\t\t\t<div class=\"elementor-column elementor-col-100 elementor-top-column elementor-element elementor-element-6d7c043 ot-flex-column-vertical\" data-id=\"6d7c043\" data-element_type=\"column\" data-e-type=\"column\">\n\t\t\t<div class=\"elementor-widget-wrap elementor-element-populated\">\n\t\t\t\t\t\t<div class=\"elementor-element elementor-element-25c27d3 elementor-widget elementor-widget-slider_revolution\" data-id=\"25c27d3\" data-element_type=\"widget\" data-e-type=\"widget\" data-widget_type=\"slider_revolution.default\">\n\t\t\t\t<div class=\"elementor-widget-container\">\n\t\t\t\t\t\n\t\t<div class=\"wp-block-themepunch-revslider\">\n\t\t\t<!-- START Impressum REVOLUTION SLIDER 6.6.20 --><p class=\"rs-p-wp-fix\"><\/p>\n\t\t\t<rs-module-wrap id=\"rev_slider_31_1_wrapper\" data-source=\"gallery\" style=\"visibility:hidden;background:transparent;padding:0;margin:0px auto;margin-top:0;margin-bottom:0;\">\n\t\t\t\t<rs-module id=\"rev_slider_31_1\" style=\"\" data-version=\"6.6.20\">\n\t\t\t\t\t<rs-slides style=\"overflow: hidden; position: absolute;\">\n\t\t\t\t\t\t<rs-slide style=\"position: absolute;\" data-key=\"rs-116\" data-title=\"Slide\" data-anim=\"ms:480;\" data-in=\"o:0;\" data-out=\"a:false;\">\n\t\t\t\t\t\t\t<img fetchpriority=\"high\" decoding=\"async\" src=\"\/\/dealer.iveco.ch\/wp-content\/plugins\/revslider\/public\/assets\/assets\/dummy.png\" alt=\"\" title=\"5625ea3c2199daf96f9d3ae4a8ffc4e0\" width=\"1728\" height=\"728\" class=\"rev-slidebg tp-rs-img rs-lazyload\" data-lazyload=\"\/\/dealer.iveco.ch\/wp-content\/uploads\/2024\/04\/5625ea3c2199daf96f9d3ae4a8ffc4e0.jpeg\" data-no-retina>\n<!--\n\t\t\t\t\t\t\t--><rs-layer\n\t\t\t\t\t\t\t\tid=\"slider-31-slide-116-layer-2\" \n\t\t\t\t\t\t\t\tdata-type=\"text\"\n\t\t\t\t\t\t\t\tdata-color=\"#ffffff\"\n\t\t\t\t\t\t\t\tdata-rsp_ch=\"on\"\n\t\t\t\t\t\t\t\tdata-xy=\"x:113px;y:247px;\"\n\t\t\t\t\t\t\t\tdata-text=\"w:normal;s:80;l:136;fw:500;\"\n\t\t\t\t\t\t\t\tdata-frame_0=\"o:1;\"\n\t\t\t\t\t\t\t\tdata-frame_1=\"sp:0;\"\n\t\t\t\t\t\t\t\tdata-frame_999=\"o:0;st:w;sR:8410;\"\n\t\t\t\t\t\t\t\tstyle=\"z-index:6;font-family:'Gill Sans';\"\n\t\t\t\t\t\t\t>Impressum \n\t\t\t\t\t\t\t<\/rs-layer><!--\n-->\t\t\t\t\t\t<\/rs-slide>\n\t\t\t\t\t<\/rs-slides>\n\t\t\t\t<\/rs-module>\n\t\t\t\t<script>\n\t\t\t\t\tsetREVStartSize({c: 'rev_slider_31_1',rl:[1240,1024,778,480],el:[750],gw:[1920],gh:[750],type:'standard',justify:'',layout:'fullwidth',mh:\"0\"});if (window.RS_MODULES!==undefined && window.RS_MODULES.modules!==undefined && window.RS_MODULES.modules[\"revslider311\"]!==undefined) {window.RS_MODULES.modules[\"revslider311\"].once = false;window.revapi31 = undefined;if (window.RS_MODULES.checkMinimal!==undefined) window.RS_MODULES.checkMinimal()}\n\t\t\t\t<\/script>\n\t\t\t<\/rs-module-wrap>\n\t\t\t<!-- END REVOLUTION SLIDER -->\n<\/div>\n\n\t\t\t\t\t\t<\/div>\n\t\t\t\t<\/div>\n\t\t\t\t<div class=\"elementor-element elementor-element-e409455 elementor-widget elementor-widget-spacer\" data-id=\"e409455\" data-element_type=\"widget\" data-e-type=\"widget\" data-widget_type=\"spacer.default\">\n\t\t\t\t<div class=\"elementor-widget-container\">\n\t\t\t\t\t\t\t<div class=\"elementor-spacer\">\n\t\t\t<div class=\"elementor-spacer-inner\"><\/div>\n\t\t<\/div>\n\t\t\t\t\t\t<\/div>\n\t\t\t\t<\/div>\n\t\t\t\t\t<\/div>\n\t\t<\/div>\n\t\t\t\t\t<\/div>\n\t\t<\/section>\n\t\t<div class=\"elementor-element elementor-element-d6b2d1c e-con-full e-flex e-con e-parent\" data-id=\"d6b2d1c\" data-element_type=\"container\" data-e-type=\"container\" data-settings=\"{&quot;background_background&quot;:&quot;classic&quot;}\">\n\t\t\t\t<div class=\"elementor-element elementor-element-5bf6638 elementor-widget__width-initial elementor-widget elementor-widget-heading\" data-id=\"5bf6638\" data-element_type=\"widget\" data-e-type=\"widget\" data-widget_type=\"heading.default\">\n\t\t\t\t<div class=\"elementor-widget-container\">\n\t\t\t\t\t<h2 class=\"elementor-heading-title elementor-size-default\">IVECO (Suisse) SA, Succursale principale de Kloten<\/h2>\t\t\t\t<\/div>\n\t\t\t\t<\/div>\n\t\t\t\t<div class=\"elementor-element elementor-element-9ddddde elementor-widget elementor-widget-text-editor\" data-id=\"9ddddde\" data-element_type=\"widget\" data-e-type=\"widget\" data-widget_type=\"text-editor.default\">\n\t\t\t\t<div class=\"elementor-widget-container\">\n\t\t\t\t\t\t\t\t\t<p>Oberfeldstrasse 16<br \/>8302 Kloten, Suisse<\/p><p><strong>T\u00e9l\u00e9phone :<\/strong> +41 44 804 73 73<br \/><strong>Fax :<\/strong> +41 44 804 73 79<br \/><strong>E-Mail :<\/strong> <a href=\"mailto:empfang.kloten@ivecogroup.com\">empfang.kloten@ivecogroup.com<\/a><\/p><p><strong>Nature juridique :<\/strong> Succursale suisse<\/p><p><strong>UID\/IDE :<\/strong> CHE-226.920.541<br \/><strong>Nature juridique : <\/strong> Succursale d\u2019une entreprise <br \/>Suisse UID\/DIE: CHE-226.920.541<br \/><strong>Si\u00e8ge principal :<\/strong> IVECO (Suisse) SA (CH-020.3.914.099-0)<br \/><strong>Forme juridique :<\/strong> Soci\u00e9t\u00e9 anonyme<br \/><strong>Tribunal de premi\u00e8re instance :<\/strong> Kloten<\/p><p><strong>Managing Director :<\/strong> Domenico Nastasi<\/p><p><strong>Conditions g\u00e9n\u00e9rales de vente :<\/strong><\/p><p>Les conditions g\u00e9n\u00e9rales sont actuellement en cours de r\u00e9vision.<br \/>Les versions mises \u00e0 jour seront publi\u00e9es ici d\u00e8s qu\u2019elles seront disponibles.<\/p>\t\t\t\t\t\t\t\t<\/div>\n\t\t\t\t<\/div>\n\t\t\t\t<\/div>\n\t\t<div class=\"elementor-element elementor-element-f6eaed5 e-con-full e-flex e-con e-parent\" data-id=\"f6eaed5\" data-element_type=\"container\" data-e-type=\"container\" data-settings=\"{&quot;background_background&quot;:&quot;classic&quot;}\">\n\t\t\t\t<div class=\"elementor-element elementor-element-3f27fd0 elementor-widget__width-initial elementor-widget elementor-widget-heading\" data-id=\"3f27fd0\" data-element_type=\"widget\" data-e-type=\"widget\" data-widget_type=\"heading.default\">\n\t\t\t\t<div class=\"elementor-widget-container\">\n\t\t\t\t\t<h2 class=\"elementor-heading-title elementor-size-default\">IVECO (Suisse) SA, Succursale Kloten<\/h2>\t\t\t\t<\/div>\n\t\t\t\t<\/div>\n\t\t\t\t<div class=\"elementor-element elementor-element-88baba8 elementor-widget elementor-widget-text-editor\" data-id=\"88baba8\" data-element_type=\"widget\" data-e-type=\"widget\" data-widget_type=\"text-editor.default\">\n\t\t\t\t<div class=\"elementor-widget-container\">\n\t\t\t\t\t\t\t\t\t<p>Oberfeldstrasse 18<br \/>8302 Kloten, Suisse<\/p><p><strong>T\u00e9l\u00e9phone :<\/strong> +41 44 804 44 22<br \/><strong>Fax :<\/strong> +41 44 804 44 25<br \/><strong>E-Mai<\/strong><strong>l :<\/strong> <span style=\"text-decoration: underline;\"><a href=\"mailto:info@iveco.ch\">kloten@ivecogroup.com<\/a><\/span><\/p><p><strong>Nature juridique :<\/strong> Succursale suisse<\/p><p><strong>UID\/IDE :<\/strong> CHE-226.920.541<br \/><strong>Nature juridique : <\/strong> Succursale d\u2019une entreprise Suisse UID\/DIE: CHE-226.920.541<br \/><strong>Si\u00e8ge principal :<\/strong> IVECO (Suisse) SA (CH-020.3.914.099-0)<br \/><strong>Forme juridique :<\/strong> Soci\u00e9t\u00e9 anonyme<br \/><strong>Tribunal de premi\u00e8re instance :<\/strong> Kloten<\/p><p><strong>Managing Director :<\/strong> Domenico Nastasi<br \/><strong>Chef d\u2019exploitation : <\/strong>Gerhard Matzinger<\/p>\t\t\t\t\t\t\t\t<\/div>\n\t\t\t\t<\/div>\n\t\t\t\t<\/div>\n\t\t<div class=\"elementor-element elementor-element-8943e73 e-con-full e-flex e-con e-parent\" data-id=\"8943e73\" data-element_type=\"container\" data-e-type=\"container\" data-settings=\"{&quot;background_background&quot;:&quot;classic&quot;}\">\n\t\t\t\t<div class=\"elementor-element elementor-element-b2f39a9 elementor-widget__width-initial elementor-widget elementor-widget-heading\" data-id=\"b2f39a9\" data-element_type=\"widget\" data-e-type=\"widget\" data-widget_type=\"heading.default\">\n\t\t\t\t<div class=\"elementor-widget-container\">\n\t\t\t\t\t<h2 class=\"elementor-heading-title elementor-size-default\">IVECO (Suisse) SA, Succursale Muttenz<\/h2>\t\t\t\t<\/div>\n\t\t\t\t<\/div>\n\t\t\t\t<div class=\"elementor-element elementor-element-1ba61e4 elementor-widget elementor-widget-text-editor\" data-id=\"1ba61e4\" data-element_type=\"widget\" data-e-type=\"widget\" data-widget_type=\"text-editor.default\">\n\t\t\t\t<div class=\"elementor-widget-container\">\n\t\t\t\t\t\t\t\t\t<p>Kriegackerstrasse 36<br \/>CH-4132 Muttenz<\/p><p><strong>T\u00e9l\u00e9phone :<\/strong> +41 61 465 50 00<br \/><strong>Fax :<\/strong> +41 61 465 50 27<br \/><strong>E-mail :<\/strong> <span style=\"text-decoration: underline;\"><a href=\"mailto:muttenz@ivecogroup.com\">muttenz@ivecogroup.com<\/a><\/span><\/p><p><strong>Nature juridique :<\/strong> Succursale suisse<\/p><p><strong>UID\/IDE :<\/strong> CHE-226.920.541<br \/><strong>Nature juridique : <\/strong> Succursale d\u2019une entreprise Suisse UID\/DIE: CHE-226.920.541<br \/><strong>Si\u00e8ge principal :<\/strong> IVECO (Suisse) SA (CH-020.3.914.099-0)<br \/><strong>Forme juridique :<\/strong> Soci\u00e9t\u00e9 anonyme<br \/><strong>Tribunal de premi\u00e8re instance :<\/strong> Kloten<\/p><p><strong>Managing Director :<\/strong> Domenico Nastasi<br \/><strong>Chef d\u2019exploitation :<\/strong> Thomas Lutz<\/p>\t\t\t\t\t\t\t\t<\/div>\n\t\t\t\t<\/div>\n\t\t\t\t<\/div>\n\t\t<div class=\"elementor-element elementor-element-47c3c3e e-con-full e-flex e-con e-parent\" data-id=\"47c3c3e\" data-element_type=\"container\" data-e-type=\"container\" data-settings=\"{&quot;background_background&quot;:&quot;classic&quot;}\">\n\t\t\t\t<div class=\"elementor-element elementor-element-54aa797 elementor-widget__width-initial elementor-widget elementor-widget-heading\" data-id=\"54aa797\" data-element_type=\"widget\" data-e-type=\"widget\" data-widget_type=\"heading.default\">\n\t\t\t\t<div class=\"elementor-widget-container\">\n\t\t\t\t\t<h2 class=\"elementor-heading-title elementor-size-default\">IVECO (Suisse) SA, Succursale Hendschiken<\/h2>\t\t\t\t<\/div>\n\t\t\t\t<\/div>\n\t\t\t\t<div class=\"elementor-element elementor-element-7a157ad elementor-widget elementor-widget-text-editor\" data-id=\"7a157ad\" data-element_type=\"widget\" data-e-type=\"widget\" data-widget_type=\"text-editor.default\">\n\t\t\t\t<div class=\"elementor-widget-container\">\n\t\t\t\t\t\t\t\t\t<p>Industriestrasse 20<br \/>CH-5604 Hendschiken<\/p><p><strong>T\u00e9l\u00e9phone :<\/strong> +41 62 885 35 35<br \/><strong>Fax :<\/strong> +41 62 885 35 49<br \/><strong>E-mail :<\/strong> <span style=\"text-decoration: underline;\"><a href=\"mailto:hendschiken@ivecogroup.com\">hendschiken@ivecogroup.com<\/a><\/span><\/p><p><strong>Nature juridique :<\/strong> Succursale suisse<\/p><p><strong>UID\/IDE :<\/strong> CHE-226.920.541<br \/><strong>Nature juridique : <\/strong> Succursale d\u2019une entreprise Suisse UID\/DIE: CHE-226.920.541<br \/><strong>Si\u00e8ge principal :<\/strong> IVECO (Suisse) SA (CH-020.3.914.099-0)<br \/><strong>Forme juridique :<\/strong> Soci\u00e9t\u00e9 anonyme<br \/><strong>Tribunal de premi\u00e8re instance :<\/strong> Kloten<\/p><p><strong>Managing Director :<\/strong> Domenico Nastasi<br \/><strong>Chef d\u2019exploitation :<\/strong> Peter Stalder<\/p>\t\t\t\t\t\t\t\t<\/div>\n\t\t\t\t<\/div>\n\t\t\t\t<\/div>\n\t\t<div class=\"elementor-element elementor-element-fe06772 e-con-full e-flex e-con e-parent\" data-id=\"fe06772\" data-element_type=\"container\" data-e-type=\"container\" data-settings=\"{&quot;background_background&quot;:&quot;classic&quot;}\">\n\t\t\t\t<div class=\"elementor-element elementor-element-a87ed88 elementor-widget__width-initial elementor-widget elementor-widget-heading\" data-id=\"a87ed88\" data-element_type=\"widget\" data-e-type=\"widget\" data-widget_type=\"heading.default\">\n\t\t\t\t<div class=\"elementor-widget-container\">\n\t\t\t\t\t<h2 class=\"elementor-heading-title elementor-size-default\">IVECO (Suisse) SA, Succursale Ecl\u00e9pens<\/h2>\t\t\t\t<\/div>\n\t\t\t\t<\/div>\n\t\t\t\t<div class=\"elementor-element elementor-element-e5c3536 elementor-widget elementor-widget-text-editor\" data-id=\"e5c3536\" data-element_type=\"widget\" data-e-type=\"widget\" data-widget_type=\"text-editor.default\">\n\t\t\t\t<div class=\"elementor-widget-container\">\n\t\t\t\t\t\t\t\t\t<p>Zone Industrielle Les Portettes 3<br \/>CH-1312 Ecl\u00e9pens<\/p><p><strong>T\u00e9l\u00e9phone :<\/strong> +41 21 804 70 00<br \/><strong>E-Mail : <\/strong><span style=\"text-decoration: underline;\"><a href=\"mailto:eclepens@ivecogroup.com\">eclepens@ivecogroup.com<\/a><\/span><\/p><p><strong>Nature juridique :<\/strong> Succursale suisse<\/p><p><strong>UID\/IDE :<\/strong> CHE-226.920.541<br \/><strong>Nature juridique : <\/strong> Succursale d\u2019une entreprise Suisse UID\/DIE: CHE-226.920.541<br \/><strong>Si\u00e8ge principal :<\/strong> IVECO (Suisse) SA (CH-020.3.914.099-0)<br \/><strong>Forme juridique :<\/strong> Soci\u00e9t\u00e9 anonyme<br \/><strong>Tribunal de premi\u00e8re instance :<\/strong> Kloten<\/p><p><strong>Managing Director :<\/strong> Domenico Nastasi<br \/><strong>Chef d\u2019exploitation :<\/strong> poste vacant<\/p>\t\t\t\t\t\t\t\t<\/div>\n\t\t\t\t<\/div>\n\t\t\t\t<\/div>\n\t\t\t\t<\/div>\n\t\t","protected":false},"excerpt":{"rendered":"<p>IVECO (Suisse) SA, Succursale principale de Kloten Oberfeldstrasse 168302 Kloten, Suisse T\u00e9l\u00e9phone : +41 44 804 73 73Fax : +41 44 804 73 79E-Mail : empfang.kloten@ivecogroup.com Nature juridique : Succursale suisse UID\/IDE : CHE-226.920.541Nature juridique : Succursale d\u2019une entreprise Suisse UID\/DIE: CHE-226.920.541Si\u00e8ge principal : IVECO (Suisse) SA (CH-020.3.914.099-0)Forme juridique : Soci\u00e9t\u00e9 anonymeTribunal de premi\u00e8re instance [&hellip;]<\/p>\n","protected":false},"author":11,"featured_media":0,"parent":0,"menu_order":0,"comment_status":"closed","ping_status":"closed","template":"","meta":{"inline_featured_image":false,"footnotes":""},"class_list":["post-11280","page","type-page","status-publish","hentry"],"_links":{"self":[{"href":"https:\/\/dealer.iveco.ch\/fr\/wp-json\/wp\/v2\/pages\/11280","targetHints":{"allow":["GET"]}}],"collection":[{"href":"https:\/\/dealer.iveco.ch\/fr\/wp-json\/wp\/v2\/pages"}],"about":[{"href":"https:\/\/dealer.iveco.ch\/fr\/wp-json\/wp\/v2\/types\/page"}],"author":[{"embeddable":true,"href":"https:\/\/dealer.iveco.ch\/fr\/wp-json\/wp\/v2\/users\/11"}],"replies":[{"embeddable":true,"href":"https:\/\/dealer.iveco.ch\/fr\/wp-json\/wp\/v2\/comments?post=11280"}],"version-history":[{"count":27,"href":"https:\/\/dealer.iveco.ch\/fr\/wp-json\/wp\/v2\/pages\/11280\/revisions"}],"predecessor-version":[{"id":28274,"href":"https:\/\/dealer.iveco.ch\/fr\/wp-json\/wp\/v2\/pages\/11280\/revisions\/28274"}],"wp:attachment":[{"href":"https:\/\/dealer.iveco.ch\/fr\/wp-json\/wp\/v2\/media?parent=11280"}],"curies":[{"name":"wp","href":"https:\/\/api.w.org\/{rel}","templated":true}]}}